{"id":2198,"date":"2020-09-10T10:48:34","date_gmt":"2020-09-10T08:48:34","guid":{"rendered":"https:\/\/flamencomind.com\/registrar\/"},"modified":"2020-09-30T11:13:08","modified_gmt":"2020-09-30T09:13:08","slug":"registrar","status":"publish","type":"page","link":"https:\/\/flamencomind.com\/en\/registrar\/","title":{"rendered":"Register"},"content":{"rendered":"\n<h3 class=\"rcp_header\">\n\tRegister New Account<\/h3>\n\n\n<form id=\"rcp_registration_form\" class=\"rcp_form\" method=\"POST\" action=\"https:\/\/flamencomind.com\/en\/wp-json\/wp\/v2\/pages\/2198\/\">\n\n\t\n\t\t\t<div class=\"rcp_login_link\">\n\t\t\t<p><a href=\"https:\/\/flamencomind.com\/en\/wp-login.php?redirect_to=https%3A%2F%2Fflamencomind.com%2Fen%2Fwp-json%2Fwp%2Fv2%2Fpages%2F2198%2F\">Log in<\/a> to renew or change an existing membership.<\/p>\n\t\t<\/div>\n\n\t\t\n\t\t<fieldset class=\"rcp_user_fieldset\">\n\t\t\t<p id=\"rcp_user_login_wrap\">\n\t\t\t\t<label for=\"rcp_user_login\">Username<\/label>\n\t\t\t\t<input name=\"rcp_user_login\" id=\"rcp_user_login\" class=\"required\" type=\"text\" \/>\n\t\t\t<\/p>\n\t\t\t<p id=\"rcp_user_email_wrap\">\n\t\t\t\t<label for=\"rcp_user_email\">Email<\/label>\n\t\t\t\t<input name=\"rcp_user_email\" id=\"rcp_user_email\" class=\"required\" type=\"text\" \/>\n\t\t\t<\/p>\n\t\t\t<p id=\"rcp_user_first_wrap\" class=\"inline\">\n\t\t\t\t<label for=\"rcp_user_first\">First Name<\/label>\n\t\t\t\t<input name=\"rcp_user_first\" id=\"rcp_user_first\" type=\"text\" \/>\n\t\t\t<\/p>\n\t\t\t<p id=\"rcp_user_last_wrap\" class=\"inline-block\">\n\t\t\t\t<label for=\"rcp_user_last\">Last Name<\/label>\n\t\t\t\t<input name=\"rcp_user_last\" id=\"rcp_user_last\" type=\"text\" \/>\n\t\t\t<\/p>\n\t\t\t<p id=\"rcp_password_wrap\" class=\"inline\">\n\t\t\t\t<label for=\"rcp_password\">Password<\/label>\n\t\t\t\t<input name=\"rcp_user_pass\" id=\"rcp_password\" class=\"required\" type=\"password\"\/>\n\t\t\t<\/p>\n\t\t\t<p id=\"rcp_password_again_wrap\" class=\"inline-block\">\n\t\t\t\t<label for=\"rcp_password_again\">Password Again<\/label>\n\t\t\t\t<input name=\"rcp_user_pass_confirm\" id=\"rcp_password_again\" class=\"required\" type=\"password\"\/>\n\t\t\t<\/p>\n\n\t\t\t\n\t\t<\/fieldset>\n\t\n\t\n\t\t\t\t<fieldset class=\"rcp_subscription_fieldset\">\n\t\t\t\t\t\t\t\t\t<p class=\"rcp_subscription_message\">Choose your membership level<\/p>\n\t\t\t\t\t\t<ul id=\"rcp_subscription_levels\">\n\t\t\t\t\t\t\t\t\t\t\t\t\t\t<li class=\"rcp_subscription_level rcp_subscription_level_2\">\n\t\t\t\t\t\t<input type=\"radio\" id=\"rcp_subscription_level_2\" class=\"required rcp_level\" checked=\"checked\" name=\"rcp_level\" rel=\"34.99\" value=\"2\" \/>\n\t\t\t\t\t\t<label for=\"rcp_subscription_level_2\">\n\t\t\t\t\t\t\t<span class=\"rcp_subscription_level_name\">Registrado<\/span><span class=\"rcp_separator\">&nbsp;-&nbsp;<\/span><span class=\"rcp_price\" rel=\"34.99\">34.99&#8364;<\/span><span class=\"rcp_separator\">&nbsp;-&nbsp;<\/span>\n\t\t\t\t\t\t\t<span class=\"rcp_level_duration\">30&nbsp;Days<\/span>\n\t\t\t\t\t\t\t\t\t\t\t\t\t\t<div class=\"rcp_level_description\"> Hazte socio de FlamencoMind para acceder a todos los v\u00eddeos, cursos, m\u00fasicas y dem\u00e1s gu\u00edas. Ahora s\u00ed que podr\u00e1s aprender o perfeccionar tu arte flamenco bailando.\r\nLa renovaci\u00f3n es autom\u00e1tica hasta su cancelaci\u00f3n expresa.<\/div>\n\t\t\t\t\t\t<\/label>\n\t\t\t\t\t<\/li>\n\t\t\t\t\t\t\t\t\t\t\t\t\t\t\t\t\t\t\t<li class=\"rcp_subscription_level rcp_subscription_level_4\">\n\t\t\t\t\t\t<input type=\"radio\" id=\"rcp_subscription_level_4\" class=\"required rcp_level\"  name=\"rcp_level\" rel=\"0\" value=\"4\" data-duration=\"forever\"\/>\n\t\t\t\t\t\t<label for=\"rcp_subscription_level_4\">\n\t\t\t\t\t\t\t<span class=\"rcp_subscription_level_name\">Bolet\u00edn<\/span><span class=\"rcp_separator\">&nbsp;-&nbsp;<\/span><span class=\"rcp_price\" rel=\"0\">free<\/span><span class=\"rcp_separator\">&nbsp;-&nbsp;<\/span>\n\t\t\t\t\t\t\t<span class=\"rcp_level_duration\">unlimited<\/span>\n\t\t\t\t\t\t\t\t\t\t\t\t\t\t<div class=\"rcp_level_description\"> Ap\u00fantate al bolet\u00edn gratuito de FlamencoMind para estar al d\u00eda de las noticias sobre este fascinante arte  que es el baile flamenco, y de las ofertas y promociones que hacemos.<\/div>\n\t\t\t\t\t\t<\/label>\n\t\t\t\t\t<\/li>\n\t\t\t\t\t\t\t\t\t\t\t\t\t\t\t\t\t\t\t<li class=\"rcp_subscription_level rcp_subscription_level_6\">\n\t\t\t\t\t\t<input type=\"radio\" id=\"rcp_subscription_level_6\" class=\"required rcp_level\"  name=\"rcp_level\" rel=\"0\" value=\"6\" \/>\n\t\t\t\t\t\t<label for=\"rcp_subscription_level_6\">\n\t\t\t\t\t\t\t<span class=\"rcp_subscription_level_name\">7 d\u00edas sin pago<\/span><span class=\"rcp_separator\">&nbsp;-&nbsp;<\/span><span class=\"rcp_price\" rel=\"0\">free<\/span><span class=\"rcp_separator\">&nbsp;-&nbsp;<\/span>\n\t\t\t\t\t\t\t<span class=\"rcp_level_duration\">7&nbsp;Days<\/span>\n\t\t\t\t\t\t\t\t\t\t\t\t\t\t<div class=\"rcp_level_description\"> Acceso durante 7 d\u00edas sin meter la tarjeta<\/div>\n\t\t\t\t\t\t<\/label>\n\t\t\t\t\t<\/li>\n\t\t\t\t\t\t\t\t\t\t\t\t<\/ul>\n\t\t\t\t<\/fieldset>\n\t\t\t<fieldset class=\"rcp_discounts_fieldset\">\n\t\t\t<p id=\"rcp_discount_code_wrap\">\n\t\t\t\t<label for=\"rcp_discount_code\">\n\t\t\t\t\tDiscount Code\t\t\t\t\t<span class=\"rcp_discount_valid\" style=\"display: none;\"> - Valid<\/span>\n\t\t\t\t\t<span class=\"rcp_discount_invalid\" style=\"display: none;\"> - Invalid<\/span>\n\t\t\t\t<\/label>\n\t\t\t\t<span class=\"rcp_discount_code_field_wrap\">\n\t\t\t\t\t<input type=\"text\" id=\"rcp_discount_code\" name=\"rcp_discount\" class=\"rcp_discount_code\" value=\"\"\/>\n\t\t\t\t\t<button class=\"rcp_button\" id=\"rcp_apply_discount\">Apply<\/button>\n\t\t\t\t<\/span>\n\t\t\t<\/p>\n\t\t<\/fieldset>\n\t\t<div class=\"rcp_registration_total\"><\/div>\n\t\t\t<div class=\"rcp_gateway_fields\">\n\t\t\t\t\t\t\t\t\t\t\t\t<input type=\"hidden\" name=\"rcp_gateway\" value=\"stripe\" data-supports-recurring=\"yes\" data-supports-trial=\"yes\"\/>\n\t\t\t\t\t\t\t\t\t<\/div>\n\t\n\t\t\t<fieldset class=\"rcp_agree_to_terms_fieldset\">\n\t\t\t<p id=\"rcp_agree_to_terms_wrap\">\n\t\t\t\t<input type=\"checkbox\" id=\"rcp_agree_to_terms\" name=\"rcp_agree_to_terms\" value=\"1\">\n\t\t\t\t<label for=\"rcp_agree_to_terms\">\n\t\t\t\t\t<a href=\"https:\/\/flamencomind.com\/condiciones-de-contratacion\/\" target=\"_blank\">Acepto las Condiciones de contrataci\u00f3n *<\/a>\t\t\t\t<\/label>\n\t\t\t<\/p>\n\t\t<\/fieldset>\n\t\n\t\t\t<fieldset class=\"rcp_agree_to_privacy_policy_fieldset\">\n\t\t\t<p id=\"rcp_agree_to_privacy_policy_wrap\">\n\t\t\t\t<input type=\"checkbox\" id=\"rcp_agree_to_privacy_policy\" name=\"rcp_agree_to_privacy_policy\" value=\"1\">\n\t\t\t\t<label for=\"rcp_agree_to_privacy_policy\">\n\t\t\t\t\t<a href=\"https:\/\/flamencomind.com\/en\/privacy-policy-and-cookies\/\" target=\"_blank\">Estoy de acuerdo con la Pol\u00edtica de Privacidad *<\/a>\t\t\t\t<\/label>\n\t\t\t<\/p>\n\t\t<\/fieldset>\n\t\n\t\t<input type=\"hidden\" id=\"rcp-registration-type\" name=\"registration_type\" value=\"\" \/>\n\t<input type=\"hidden\" id=\"rcp-membership-id\" name=\"membership_id\" value=\"0\" \/>\n\t<input type=\"hidden\" id=\"rcp-payment-id\" name=\"rcp_registration_payment_id\" value=\"0\" \/>\n\t\n\t\n\t<p id=\"rcp_submit_wrap\">\n\t\t\t\t<input type=\"hidden\" name=\"rcp_register_nonce\" value=\"b12943a13d\"\/>\n\t\t<input type=\"submit\" name=\"rcp_submit_registration\" id=\"rcp_submit\" class=\"rcp-button\" value=\"Register\"\/>\n\t<\/p>\n<\/form>\n\n","protected":false},"excerpt":{"rendered":"","protected":false},"author":1,"featured_media":0,"parent":0,"menu_order":0,"comment_status":"closed","ping_status":"closed","template":"","meta":{"_uag_custom_page_level_css":"","site-sidebar-layout":"default","site-content-layout":"default","ast-site-content-layout":"","site-content-style":"default","site-sidebar-style":"default","ast-global-header-display":"","ast-banner-title-visibility":"","ast-main-header-display":"","ast-hfb-above-header-display":"","ast-hfb-below-header-display":"","ast-hfb-mobile-header-display":"","site-post-title":"","ast-breadcrumbs-content":"","ast-featured-img":"","footer-sml-layout":"","theme-transparent-header-meta":"default","adv-header-id-meta":"","stick-header-meta":"","header-above-stick-meta":"","header-main-stick-meta":"","header-below-stick-meta":"","astra-migrate-meta-layouts":"default","ast-page-background-enabled":"default","ast-page-background-meta":{"desktop":{"background-color":"","background-image":"","background-repeat":"repeat","background-position":"center center","background-size":"auto","background-attachment":"scroll","background-type":"","background-media":"","overlay-type":"","overlay-color":"","overlay-opacity":"","overlay-gradient":""},"tablet":{"background-color":"","background-image":"","background-repeat":"repeat","background-position":"center center","background-size":"auto","background-attachment":"scroll","background-type":"","background-media":"","overlay-type":"","overlay-color":"","overlay-opacity":"","overlay-gradient":""},"mobile":{"background-color":"","background-image":"","background-repeat":"repeat","background-position":"center center","background-size":"auto","background-attachment":"scroll","background-type":"","background-media":"","overlay-type":"","overlay-color":"","overlay-opacity":"","overlay-gradient":""}},"ast-content-background-meta":{"desktop":{"background-color":"var(--ast-global-color-5)","background-image":"","background-repeat":"repeat","background-position":"center center","background-size":"auto","background-attachment":"scroll","background-type":"","background-media":"","overlay-type":"","overlay-color":"","overlay-opacity":"","overlay-gradient":""},"tablet":{"background-color":"var(--ast-global-color-5)","background-image":"","background-repeat":"repeat","background-position":"center center","background-size":"auto","background-attachment":"scroll","background-type":"","background-media":"","overlay-type":"","overlay-color":"","overlay-opacity":"","overlay-gradient":""},"mobile":{"background-color":"var(--ast-global-color-5)","background-image":"","background-repeat":"repeat","background-position":"center center","background-size":"auto","background-attachment":"scroll","background-type":"","background-media":"","overlay-type":"","overlay-color":"","overlay-opacity":"","overlay-gradient":""}},"footnotes":""},"class_list":["post-2198","page","type-page","status-publish","hentry"],"yoast_head":"<!-- This site is optimized with the Yoast SEO plugin v23.4 - https:\/\/yoast.com\/wordpress\/plugins\/seo\/ -->\n<title>Register - FlamencoMind<\/title>\n<meta name=\"robots\" content=\"index, follow, max-snippet:-1, max-image-preview:large, max-video-preview:-1\" \/>\n<link rel=\"canonical\" href=\"https:\/\/flamencomind.com\/en\/registrar\/\" \/>\n<meta property=\"og:locale\" content=\"en_US\" \/>\n<meta property=\"og:type\" content=\"article\" \/>\n<meta property=\"og:title\" content=\"Register - FlamencoMind\" \/>\n<meta property=\"og:url\" content=\"https:\/\/flamencomind.com\/en\/registrar\/\" \/>\n<meta property=\"og:site_name\" content=\"FlamencoMind\" \/>\n<meta property=\"article:modified_time\" content=\"2020-09-30T09:13:08+00:00\" \/>\n<meta name=\"twitter:card\" content=\"summary_large_image\" \/>\n<script type=\"application\/ld+json\" class=\"yoast-schema-graph\">{\"@context\":\"https:\/\/schema.org\",\"@graph\":[{\"@type\":\"WebPage\",\"@id\":\"https:\/\/flamencomind.com\/en\/registrar\/\",\"url\":\"https:\/\/flamencomind.com\/en\/registrar\/\",\"name\":\"Register - FlamencoMind\",\"isPartOf\":{\"@id\":\"https:\/\/flamencomind.com\/en\/#website\"},\"datePublished\":\"2020-09-10T08:48:34+00:00\",\"dateModified\":\"2020-09-30T09:13:08+00:00\",\"breadcrumb\":{\"@id\":\"https:\/\/flamencomind.com\/en\/registrar\/#breadcrumb\"},\"inLanguage\":\"en-US\",\"potentialAction\":[{\"@type\":\"ReadAction\",\"target\":[\"https:\/\/flamencomind.com\/en\/registrar\/\"]}]},{\"@type\":\"BreadcrumbList\",\"@id\":\"https:\/\/flamencomind.com\/en\/registrar\/#breadcrumb\",\"itemListElement\":[{\"@type\":\"ListItem\",\"position\":1,\"name\":\"Portada\",\"item\":\"https:\/\/flamencomind.com\/en\/\"},{\"@type\":\"ListItem\",\"position\":2,\"name\":\"Register\"}]},{\"@type\":\"WebSite\",\"@id\":\"https:\/\/flamencomind.com\/en\/#website\",\"url\":\"https:\/\/flamencomind.com\/en\/\",\"name\":\"FlamencoMind\",\"description\":\"Clases de baile flamenco consciente y con preparaci\u00f3n f\u00edsica de Pilates\",\"publisher\":{\"@id\":\"https:\/\/flamencomind.com\/en\/#organization\"},\"potentialAction\":[{\"@type\":\"SearchAction\",\"target\":{\"@type\":\"EntryPoint\",\"urlTemplate\":\"https:\/\/flamencomind.com\/en\/?s={search_term_string}\"},\"query-input\":{\"@type\":\"PropertyValueSpecification\",\"valueRequired\":true,\"valueName\":\"search_term_string\"}}],\"inLanguage\":\"en-US\"},{\"@type\":\"Organization\",\"@id\":\"https:\/\/flamencomind.com\/en\/#organization\",\"name\":\"FlamencoMind\",\"url\":\"https:\/\/flamencomind.com\/en\/\",\"logo\":{\"@type\":\"ImageObject\",\"inLanguage\":\"en-US\",\"@id\":\"https:\/\/flamencomind.com\/en\/#\/schema\/logo\/image\/\",\"url\":\"https:\/\/flamencomind.com\/wp-content\/uploads\/2020\/05\/FLAMENCO_MIND_FONDO-07.jpg\",\"contentUrl\":\"https:\/\/flamencomind.com\/wp-content\/uploads\/2020\/05\/FLAMENCO_MIND_FONDO-07.jpg\",\"width\":2392,\"height\":2084,\"caption\":\"FlamencoMind\"},\"image\":{\"@id\":\"https:\/\/flamencomind.com\/en\/#\/schema\/logo\/image\/\"}}]}<\/script>\n<!-- \/ Yoast SEO plugin. -->","yoast_head_json":{"title":"Register - FlamencoMind","robots":{"index":"index","follow":"follow","max-snippet":"max-snippet:-1","max-image-preview":"max-image-preview:large","max-video-preview":"max-video-preview:-1"},"canonical":"https:\/\/flamencomind.com\/en\/registrar\/","og_locale":"en_US","og_type":"article","og_title":"Register - FlamencoMind","og_url":"https:\/\/flamencomind.com\/en\/registrar\/","og_site_name":"FlamencoMind","article_modified_time":"2020-09-30T09:13:08+00:00","twitter_card":"summary_large_image","schema":{"@context":"https:\/\/schema.org","@graph":[{"@type":"WebPage","@id":"https:\/\/flamencomind.com\/en\/registrar\/","url":"https:\/\/flamencomind.com\/en\/registrar\/","name":"Register - FlamencoMind","isPartOf":{"@id":"https:\/\/flamencomind.com\/en\/#website"},"datePublished":"2020-09-10T08:48:34+00:00","dateModified":"2020-09-30T09:13:08+00:00","breadcrumb":{"@id":"https:\/\/flamencomind.com\/en\/registrar\/#breadcrumb"},"inLanguage":"en-US","potentialAction":[{"@type":"ReadAction","target":["https:\/\/flamencomind.com\/en\/registrar\/"]}]},{"@type":"BreadcrumbList","@id":"https:\/\/flamencomind.com\/en\/registrar\/#breadcrumb","itemListElement":[{"@type":"ListItem","position":1,"name":"Portada","item":"https:\/\/flamencomind.com\/en\/"},{"@type":"ListItem","position":2,"name":"Register"}]},{"@type":"WebSite","@id":"https:\/\/flamencomind.com\/en\/#website","url":"https:\/\/flamencomind.com\/en\/","name":"FlamencoMind","description":"Clases de baile flamenco consciente y con preparaci\u00f3n f\u00edsica de Pilates","publisher":{"@id":"https:\/\/flamencomind.com\/en\/#organization"},"potentialAction":[{"@type":"SearchAction","target":{"@type":"EntryPoint","urlTemplate":"https:\/\/flamencomind.com\/en\/?s={search_term_string}"},"query-input":{"@type":"PropertyValueSpecification","valueRequired":true,"valueName":"search_term_string"}}],"inLanguage":"en-US"},{"@type":"Organization","@id":"https:\/\/flamencomind.com\/en\/#organization","name":"FlamencoMind","url":"https:\/\/flamencomind.com\/en\/","logo":{"@type":"ImageObject","inLanguage":"en-US","@id":"https:\/\/flamencomind.com\/en\/#\/schema\/logo\/image\/","url":"https:\/\/flamencomind.com\/wp-content\/uploads\/2020\/05\/FLAMENCO_MIND_FONDO-07.jpg","contentUrl":"https:\/\/flamencomind.com\/wp-content\/uploads\/2020\/05\/FLAMENCO_MIND_FONDO-07.jpg","width":2392,"height":2084,"caption":"FlamencoMind"},"image":{"@id":"https:\/\/flamencomind.com\/en\/#\/schema\/logo\/image\/"}}]}},"uagb_featured_image_src":{"full":false,"thumbnail":false,"medium":false,"medium_large":false,"large":false,"1536x1536":false,"2048x2048":false,"bdfe-large-thumb":false,"bdfe-hero-slider-thumb":false,"mailpoet_newsletter_max":false,"sow-carousel-default":false},"uagb_author_info":{"display_name":"FlamencoMind","author_link":"https:\/\/flamencomind.com\/en\/author\/flamencomind\/"},"uagb_comment_info":0,"uagb_excerpt":null,"_links":{"self":[{"href":"https:\/\/flamencomind.com\/en\/wp-json\/wp\/v2\/pages\/2198"}],"collection":[{"href":"https:\/\/flamencomind.com\/en\/wp-json\/wp\/v2\/pages"}],"about":[{"href":"https:\/\/flamencomind.com\/en\/wp-json\/wp\/v2\/types\/page"}],"author":[{"embeddable":true,"href":"https:\/\/flamencomind.com\/en\/wp-json\/wp\/v2\/users\/1"}],"replies":[{"embeddable":true,"href":"https:\/\/flamencomind.com\/en\/wp-json\/wp\/v2\/comments?post=2198"}],"version-history":[{"count":0,"href":"https:\/\/flamencomind.com\/en\/wp-json\/wp\/v2\/pages\/2198\/revisions"}],"wp:attachment":[{"href":"https:\/\/flamencomind.com\/en\/wp-json\/wp\/v2\/media?parent=2198"}],"curies":[{"name":"wp","href":"https:\/\/api.w.org\/{rel}","templated":true}]}}